{"id":1945,"date":"2025-12-12T13:43:09","date_gmt":"2025-12-12T12:43:09","guid":{"rendered":"https:\/\/ide.zonadetest.es\/?page_id=1945"},"modified":"2025-12-15T11:03:06","modified_gmt":"2025-12-15T10:03:06","slug":"reg-form","status":"publish","type":"page","link":"https:\/\/ide.zonadetest.es\/fr\/reg-form\/","title":{"rendered":"Inscription d&rsquo;un nouvel utilisateur"},"content":{"rendered":"<p><div class=\"fusion-fullwidth fullwidth-box fusion-builder-row-1 fusion-flex-container has-pattern-background has-mask-background nonhundred-percent-fullwidth non-hundred-percent-height-scrolling boxed-fw\" style=\"--awb-border-radius-top-left:0px;--awb-border-radius-top-right:0px;--awb-border-radius-bottom-right:0px;--awb-border-radius-bottom-left:0px;--awb-padding-top:2.5vh;--awb-padding-bottom:2.5vh;--awb-background-image:linear-gradient(100deg, var(--awb-color4) 60%,var(--awb-custom_color_2) 80%);--awb-flex-wrap:wrap;\" ><div class=\"fusion-builder-row fusion-row fusion-flex-align-items-center fusion-flex-justify-content-center fusion-flex-content-wrap\" style=\"max-width:1185.6px;margin-left: calc(-4% \/ 2 );margin-right: calc(-4% \/ 2 );\"><div class=\"fusion-layout-column fusion_builder_column fusion-builder-column-0 fusion_builder_column_1_1 1_1 fusion-flex-column\" style=\"--awb-bg-size:cover;--awb-width-large:100%;--awb-spacing-right-large:1.92%;--awb-margin-bottom-large:0px;--awb-spacing-left-large:1.92%;--awb-width-medium:100%;--awb-order-medium:0;--awb-spacing-right-medium:1.92%;--awb-spacing-left-medium:1.92%;--awb-width-small:100%;--awb-order-small:0;--awb-spacing-right-small:1.92%;--awb-spacing-left-small:1.92%;\"><div class=\"fusion-column-wrapper fusion-column-has-shadow fusion-flex-justify-content-flex-start fusion-content-layout-column\"><nav class=\"fusion-breadcrumbs fusion-breadcrumbs-1\" style=\"--awb-text-hover-color:var(--awb-color1);--awb-text-color:var(--awb-color2);--awb-breadcrumb-sep:&#039;\/&#039;;\" aria-label=\"Breadcrumb\" id=\"ide-breadcrumb-ap\"><ol class=\"awb-breadcrumb-list\"><li class=\"fusion-breadcrumb-item awb-breadcrumb-sep awb-home\" ><a href=\"https:\/\/ide.zonadetest.es\/fr\/\" class=\"fusion-breadcrumb-link\"><span >Home<\/span><\/a><\/li><\/ol><\/nav><div class=\"fusion-title title fusion-title-1 fusion-sep-none fusion-title-text fusion-title-size-one\" style=\"--awb-text-color:var(--awb-color1);--awb-margin-bottom:0px;--awb-margin-top-small:10px;--awb-margin-right-small:0px;--awb-margin-bottom-small:10px;--awb-margin-left-small:0px;--awb-font-size:36px;\" id=\"ide-title-ap\"><h1 class=\"fusion-title-heading title-heading-left fusion-responsive-typography-calculated\" style=\"font-family:var(--awb-typography1-font-family);font-weight:var(--awb-typography1-font-weight);font-style:var(--awb-typography1-font-style);margin:0;letter-spacing:var(--awb-typography1-letter-spacing);text-transform:var(--awb-typography1-text-transform);font-size:1em;--fontSize:36;line-height:var(--awb-typography1-line-height);\">Inscription d&rsquo;un nouvel utilisateur<\/h1><\/div><\/div><\/div><\/div><\/div>\n<div class=\"fusion-fullwidth fullwidth-box fusion-builder-row-2 fusion-flex-container has-pattern-background has-mask-background nonhundred-percent-fullwidth non-hundred-percent-height-scrolling\" style=\"--awb-border-radius-top-left:0px;--awb-border-radius-top-right:0px;--awb-border-radius-bottom-right:0px;--awb-border-radius-bottom-left:0px;--awb-flex-wrap:wrap;\" ><div class=\"fusion-builder-row fusion-row fusion-flex-align-items-stretch fusion-flex-justify-content-center fusion-flex-content-wrap\" style=\"max-width:1185.6px;margin-left: calc(-4% \/ 2 );margin-right: calc(-4% \/ 2 );\"><div class=\"fusion-layout-column fusion_builder_column fusion-builder-column-1 fusion_builder_column_1_2 1_2 fusion-flex-column\" style=\"--awb-bg-size:cover;--awb-width-large:50%;--awb-spacing-right-large:3.84%;--awb-margin-bottom-large:0px;--awb-spacing-left-large:3.84%;--awb-width-medium:50%;--awb-order-medium:0;--awb-spacing-right-medium:3.84%;--awb-spacing-left-medium:3.84%;--awb-width-small:100%;--awb-order-small:0;--awb-spacing-right-small:1.92%;--awb-spacing-left-small:1.92%;\"><div class=\"fusion-column-wrapper fusion-column-has-shadow fusion-flex-justify-content-flex-start fusion-content-layout-column\"><div class=\"fusion-separator fusion-full-width-sep\" style=\"align-self: center;margin-left: auto;margin-right: auto;width:100%;\"><\/div><div class=\"fusion-text fusion-text-1\"><div class=\"ide-form-wrap\">  <form id=\"ide-ajax-register-form\" class=\"ide-ajax-form\" data-action=\"ide_custom_register\">    <h3>Nouvel utilisateur<\/h3>    <div>      <strong>Les donn\u00e9es marqu\u00e9es d\\'un * sont obligatoires:<\/strong>    <\/div>    <div class=\"ide-form-group\">      <input type=\"text\" name=\"nombre_usuario\" id=\"nombre_usuario\" placeholder=\" \" required>      <label for=\"nombre_usuario\">Votre nom *<\/label>    <\/div>    <div class=\"ide-form-group\">      <input type=\"text\" name=\"cif\" id=\"cif\" placeholder=\" \" required>      <label for=\"cif\">SIRET *<\/label>    <\/div>    <div class=\"ide-form-group\">      <input type=\"text\" name=\"cod_cliente\" id=\"cod_cliente\" placeholder=\" \" required>      <label for=\"cod_cliente\">code client IDE *<\/label>      <span id=\"ide-help-btn-cod-cliente\" class=\"ide-help-btn ide-letra-12\" title=\"Qu'est ce que c'est?\">?<\/span>    <\/div>    <div id=\"ide-modal-help\" class=\"ide-modal-overlay\" style=\"display:none;\">        <div class=\"ide-modal-content\">            <span id=\"ide-modal-close\" class=\"ide-modal-close ide-letra-24\">&times;<\/span>            <h4>code client IDE<\/h4>            <p>Ceci est votre num\u00e9ro de client IDE Electric. Vous pouvez le trouver en haut des commandes IDE, des bons de livraison et\/ou des factures.<\/p>            <img decoding=\"async\" src=\"https:\/\/ide.zonadetest.es\/wp-content\/plugins\/ide-code\/assets\/img\/cod_cliente.png\" alt=\"Ayuda C\u00f3digo Cliente\" \/>        <\/div>    <\/div>    <div class=\"ide-form-group\">      <input type=\"text\" name=\"telefono1\" id=\"telefono1\" placeholder=\" \">      <label for=\"telefono1\">Tel\u00e9phone 1<\/label>    <\/div>    <div class=\"ide-form-group\">      <input type=\"text\" name=\"telefono2\" id=\"telefono2\" placeholder=\" \">      <label for=\"telefono2\">Tel\u00e9phone 2<\/label>    <\/div>    <div>      <strong>Donn\u00e9es d'acc\u00e8s:<\/strong>    <\/div>    <div class=\"ide-form-group\">      <input type=\"email\" name=\"email\" id=\"email\" placeholder=\" \" required>      <label for=\"email\">Adresse courrier \u00e9lectronique *<\/label>    <\/div>    <div>      <span>Le mot de passe doit comporter entre 6 et 15 caract\u00e8res<\/span>    <\/div>    <div class=\"ide-form-group\">      <input type=\"password\" name=\"password1\" id=\"password1\" placeholder=\" \" required>      <label for=\"password1\">Mot de passe  *<\/label>      <span class=\"ide-password-toggle ide-letra-20 dashicons dashicons-visibility\"><\/span>    <\/div>    <div class=\"ide-form-group\">      <input type=\"password\" name=\"password2\" id=\"password2\" placeholder=\" \" required>      <label for=\"password2\">R\u00e9p\u00e9tez le mot de passe *<\/label>      <span class=\"ide-password-toggle ide-letra-20 dashicons dashicons-visibility\"><\/span>    <\/div>    <div>      <span><b>Informations de base sur la protection des donn\u00e9es - Contr\u00f4leur:<\/b> IDE ELECTRIC, SL. <b>Objectif:<\/b> r\u00e9pondre \u00e0 la demande d'information et\/ou de contact et, uniquement si votre consentement est express\u00e9ment donn\u00e9, envoyer des informations sur nos produits, services et activit\u00e9s. <b>L\u00e9gitimation:<\/b> consentement formel de la partie int\u00e9ress\u00e9e. <b>Destinataires:<\/b> les donn\u00e9es ne seront pas transf\u00e9r\u00e9es \u00e0 des tiers, sauf en cas de contrainte l\u00e9gale. <b>Exercice des droits:<\/b> <a href='mailto:privacy@ide.es' target='_blank' class='colorAzul'>privacy@ide.es<\/a> <b>Informations suppl\u00e9mentaires:<\/b> <a href='https:\/\/ide.es\/fra\/legal\/politique-de-confidencialite' target='_blank' class='colorAzul'>Politique de Confidentialit\u00e9<\/a>.<\/span>    <\/div>    <div class=\"ide-form-check\" style=\"margin-top:15px; text-align:left;\">      <input type=\"checkbox\" name=\"acepto\" id=\"acepto\" value=\"1\" required>      <label for=\"acepto\" style=\"display:inline; font-size:0.9em;\">J'ai lu et accept\u00e9 la <a href='https:\/\/ide.es\/fra\/legal\/politique-de-confidencialite' target='_blank'><u>Politique de Confidentialit\u00e9<\/u><\/a> et je consens au traitement de mes donn\u00e9es personnelles dans le cadre des objectifs indiqu\u00e9s.<\/label>    <\/div>    <div class=\"ide-form-check\" style=\"margin-top:10px; text-align:left;\">      <input type=\"checkbox\" name=\"comunicaciones\" id=\"comunicaciones\" value=\"1\">      <label for=\"comunicaciones\" style=\"display:inline; font-size:0.9em;\">Je souhaite recevoir des informations sur les produits, services et activit\u00e9s de IDE.<\/label>    <\/div>    <button type=\"submit\" style=\"margin-top:20px;\" class=\"ide-btn fusion-button button-flat fusion-button-default-size button-default fusion-button-default fusion-button-default-span fusion-button-default-type\" data-hover=\"bg_slide_left\"><span class=\"fusion-button-text awb-button__text awb-button__text--default\">S'inscrire<\/span> <span class=\"ide-spinner\"><\/span><\/button>    <div id=\"ide-ajax-register-msg\" style=\"margin-top:10px;\"><\/div>  <\/form><\/div>\n<\/div><\/div><\/div><\/div><\/div><div class=\"fusion-fullwidth fullwidth-box fusion-builder-row-3 fusion-flex-container has-pattern-background has-mask-background fusion-parallax-none nonhundred-percent-fullwidth non-hundred-percent-height-scrolling\" style=\"--awb-background-position:left center;--awb-border-radius-top-left:0px;--awb-border-radius-top-right:0px;--awb-border-radius-bottom-right:0px;--awb-border-radius-bottom-left:0px;--awb-padding-top:30px;--awb-padding-bottom:30px;--awb-margin-top:30px;--awb-min-height:160px;--awb-background-color:var(--awb-custom_color_1);--awb-background-image:url(&quot;https:\/\/ide.zonadetest.es\/wp-content\/uploads\/2025\/09\/ide-diagonal-left-white-bg-scaled.png&quot;);--awb-background-size:850px;--awb-flex-wrap:wrap;\" ><div class=\"fusion-builder-row fusion-row fusion-flex-align-items-center fusion-flex-content-wrap\" style=\"max-width:1185.6px;margin-left: calc(-4% \/ 2 );margin-right: calc(-4% \/ 2 );\"><div class=\"fusion-layout-column fusion_builder_column fusion-builder-column-2 fusion_builder_column_1_1 1_1 fusion-flex-column\" style=\"--awb-bg-size:cover;--awb-width-large:100%;--awb-spacing-right-large:1.92%;--awb-margin-bottom-large:0px;--awb-spacing-left-large:1.92%;--awb-width-medium:100%;--awb-order-medium:0;--awb-spacing-right-medium:1.92%;--awb-spacing-left-medium:1.92%;--awb-width-small:100%;--awb-order-small:0;--awb-spacing-right-small:1.92%;--awb-spacing-left-small:1.92%;\" data-scroll-devices=\"small-visibility,medium-visibility,large-visibility\"><div class=\"fusion-column-wrapper fusion-column-has-shadow fusion-flex-justify-content-space-between fusion-content-layout-row fusion-flex-align-items-center\"><div class=\"fusion-title title fusion-title-2 fusion-sep-none fusion-title-text fusion-title-size-four\" style=\"--awb-margin-top-small:10px;--awb-margin-right-small:0px;--awb-margin-bottom-small:10px;--awb-margin-left-small:0px;--awb-font-size:32px;\"><h4 class=\"fusion-title-heading title-heading-left fusion-responsive-typography-calculated\" style=\"font-family:&quot;Plus Jakarta Sans&quot;;font-style:normal;font-weight:300;margin:0;font-size:1em;--fontSize:32;line-height:1.4;\"><p><span style=\"font-weight: 800;\">Don\u2019t hesitate<\/span><br \/>\nWe\u2019ll help you with whatever you need.<\/p><\/h4><\/div><div ><a class=\"fusion-button button-flat fusion-button-default-size button-default fusion-button-default button-1 fusion-button-default-span fusion-button-default-type\" target=\"_self\" data-hover=\"bg_slide_left\" href=\"https:\/\/ide.zonadetest.es\/contact\/\"><span class=\"fusion-button-text awb-button__text awb-button__text--default\">Contact<\/span><\/a><\/div><\/div><\/div><\/div><\/div>\n<\/p>\n","protected":false},"excerpt":{"rendered":"","protected":false},"author":2,"featured_media":0,"parent":0,"menu_order":0,"comment_status":"closed","ping_status":"closed","template":"100-width.php","meta":{"_acf_changed":false,"footnotes":""},"class_list":["post-1945","page","type-page","status-publish","hentry"],"acf":[],"_links":{"self":[{"href":"https:\/\/ide.zonadetest.es\/fr\/wp-json\/wp\/v2\/pages\/1945","targetHints":{"allow":["GET"]}}],"collection":[{"href":"https:\/\/ide.zonadetest.es\/fr\/wp-json\/wp\/v2\/pages"}],"about":[{"href":"https:\/\/ide.zonadetest.es\/fr\/wp-json\/wp\/v2\/types\/page"}],"author":[{"embeddable":true,"href":"https:\/\/ide.zonadetest.es\/fr\/wp-json\/wp\/v2\/users\/2"}],"replies":[{"embeddable":true,"href":"https:\/\/ide.zonadetest.es\/fr\/wp-json\/wp\/v2\/comments?post=1945"}],"version-history":[{"count":4,"href":"https:\/\/ide.zonadetest.es\/fr\/wp-json\/wp\/v2\/pages\/1945\/revisions"}],"predecessor-version":[{"id":1967,"href":"https:\/\/ide.zonadetest.es\/fr\/wp-json\/wp\/v2\/pages\/1945\/revisions\/1967"}],"wp:attachment":[{"href":"https:\/\/ide.zonadetest.es\/fr\/wp-json\/wp\/v2\/media?parent=1945"}],"curies":[{"name":"wp","href":"https:\/\/api.w.org\/{rel}","templated":true}]}}