{"id":1859,"date":"2025-11-26T12:23:41","date_gmt":"2025-11-26T11:23:41","guid":{"rendered":"https:\/\/ide.zonadetest.es\/private-area\/"},"modified":"2026-02-25T14:53:51","modified_gmt":"2026-02-25T13:53:51","slug":"area-privada","status":"publish","type":"page","link":"https:\/\/ide.zonadetest.es\/es\/area-privada\/","title":{"rendered":"\u00c1rea privada"},"content":{"rendered":"<p><div class=\"fusion-fullwidth fullwidth-box fusion-builder-row-1 fusion-flex-container has-pattern-background has-mask-background nonhundred-percent-fullwidth non-hundred-percent-height-scrolling boxed-fw\" style=\"--awb-border-radius-top-left:0px;--awb-border-radius-top-right:0px;--awb-border-radius-bottom-right:0px;--awb-border-radius-bottom-left:0px;--awb-padding-top:2.5vh;--awb-padding-bottom:2.5vh;--awb-background-image:linear-gradient(100deg, var(--awb-color4) 60%,var(--awb-custom_color_2) 80%);--awb-flex-wrap:wrap;\" ><div class=\"fusion-builder-row fusion-row fusion-flex-align-items-center fusion-flex-justify-content-center fusion-flex-content-wrap\" style=\"max-width:1185.6px;margin-left: calc(-4% \/ 2 );margin-right: calc(-4% \/ 2 );\"><div class=\"fusion-layout-column fusion_builder_column fusion-builder-column-0 fusion_builder_column_1_1 1_1 fusion-flex-column\" style=\"--awb-bg-size:cover;--awb-width-large:100%;--awb-spacing-right-large:1.92%;--awb-margin-bottom-large:0px;--awb-spacing-left-large:1.92%;--awb-width-medium:100%;--awb-order-medium:0;--awb-spacing-right-medium:1.92%;--awb-spacing-left-medium:1.92%;--awb-width-small:100%;--awb-order-small:0;--awb-spacing-right-small:1.92%;--awb-spacing-left-small:1.92%;\"><div class=\"fusion-column-wrapper fusion-column-has-shadow fusion-flex-justify-content-flex-start fusion-content-layout-column\"><nav class=\"fusion-breadcrumbs fusion-breadcrumbs-1\" style=\"--awb-text-hover-color:var(--awb-color1);--awb-text-color:var(--awb-color2);--awb-breadcrumb-sep:&#039;\/&#039;;\" aria-label=\"Breadcrumb\" id=\"ide-breadcrumb-ap\"><ol class=\"awb-breadcrumb-list\"><li class=\"fusion-breadcrumb-item awb-breadcrumb-sep awb-home\" ><a href=\"https:\/\/ide.zonadetest.es\/es\/\" class=\"fusion-breadcrumb-link\"><span >Home<\/span><\/a><\/li><\/ol><\/nav><div class=\"fusion-title title fusion-title-1 fusion-sep-none fusion-title-text fusion-title-size-one\" style=\"--awb-text-color:var(--awb-color1);--awb-margin-bottom:0px;--awb-margin-top-small:10px;--awb-margin-right-small:0px;--awb-margin-bottom-small:10px;--awb-margin-left-small:0px;--awb-font-size:36px;\" id=\"ide-title-ap\"><h1 class=\"fusion-title-heading title-heading-left fusion-responsive-typography-calculated\" style=\"font-family:var(--awb-typography1-font-family);font-weight:var(--awb-typography1-font-weight);font-style:var(--awb-typography1-font-style);margin:0;letter-spacing:var(--awb-typography1-letter-spacing);text-transform:var(--awb-typography1-text-transform);font-size:1em;--fontSize:36;line-height:var(--awb-typography1-line-height);\">\u00c1rea privada<\/h1><\/div><\/div><\/div><\/div><\/div>\n<div class=\"fusion-fullwidth fullwidth-box fusion-builder-row-2 fusion-flex-container has-pattern-background has-mask-background nonhundred-percent-fullwidth non-hundred-percent-height-scrolling\" style=\"--awb-border-radius-top-left:0px;--awb-border-radius-top-right:0px;--awb-border-radius-bottom-right:0px;--awb-border-radius-bottom-left:0px;--awb-flex-wrap:wrap;\" ><div class=\"fusion-builder-row fusion-row fusion-flex-align-items-stretch fusion-flex-justify-content-center fusion-flex-content-wrap\" style=\"max-width:1185.6px;margin-left: calc(-4% \/ 2 );margin-right: calc(-4% \/ 2 );\"><div class=\"fusion-layout-column fusion_builder_column fusion-builder-column-1 fusion_builder_column_1_1 1_1 fusion-flex-column\" style=\"--awb-bg-size:cover;--awb-width-large:100%;--awb-spacing-right-large:1.92%;--awb-margin-bottom-large:0px;--awb-spacing-left-large:1.92%;--awb-width-medium:100%;--awb-order-medium:0;--awb-spacing-right-medium:1.92%;--awb-spacing-left-medium:1.92%;--awb-width-small:100%;--awb-order-small:0;--awb-spacing-right-small:1.92%;--awb-spacing-left-small:1.92%;\"><div class=\"fusion-column-wrapper fusion-column-has-shadow fusion-flex-justify-content-flex-start fusion-content-layout-column\"><div class=\"fusion-separator fusion-full-width-sep\" style=\"align-self: center;margin-left: auto;margin-right: auto;width:100%;\"><\/div><div class=\"fusion-text fusion-text-1\"><div class=\"ide-form-wrap\">  <form id=\"ide-ajax-login-form\" class=\"ide-ajax-form\" data-action=\"ide_custom_login\">    <h5>Acceso de usuarios<\/h5>    <div class=\"ide-form-group\">      <input type=\"email\" name=\"usuario\" id=\"ide_inp_user\" placeholder=\" \" required>      <label for=\"ide_inp_user\">Usuario (email)<\/label>    <\/div>    <div class=\"ide-form-group\">      <input type=\"password\" name=\"password\" id=\"ide_inp_pass\" placeholder=\" \" required>      <label for=\"ide_inp_pass\">Contrase\u00f1a<\/label>      <span class=\"ide-password-toggle ide-letra-20 dashicons dashicons-visibility\"><\/span>    <\/div>    <div id=\"ide-login-conf\" style=\"display:none; border-top: 1px solid #eee; padding-top: 10px; margin-top: 10px;\">      <p style=\"font-size: 0.9em; margin-bottom: 10px;\">Hemos enviado un c\u00f3digo de verificaci\u00f3n a tu direcci\u00f3n de correo electr\u00f3nico, Por favor, introduce este c\u00f3digo para confirmar tu identidad.<\/p>      <div class=\"ide-form-group\">        <input type=\"text\" name=\"cod_conf\" id=\"ide_inp_conf\" placeholder=\" \">        <label for=\"ide_inp_conf\" class=\"ide-letras-rojas ide-bold\">C\u00f3digo de confirmaci\u00f3n<\/label>      <\/div>      <p style=\"font-size: 0.9em; margin-bottom: 10px;\">Si no recibes el correo de confirmaci\u00f3n, solic\u00edtalo de nuevo en el siguiente enlace:<br>           <a href=\"#\" id=\"ide-resend-code-link\"> Reenviar c\u00f3digo<\/a> <span id=\"ide-resend-timer\" style=\"display:none; color: #999;\">(<span id=\"ide-resend-seconds\">60<\/span>s)<\/span><\/p>    <\/div>    <div id=\"ide-login-changepass\" style=\"display:none; border-top: 1px solid #eee; padding-top: 10px; margin-top: 10px;\">      <p style=\"font-size: 0.9em; margin-bottom: 10px;\">Hace ya m\u00e1s de un a\u00f1o que no has cambiado la contrase\u00f1a.<br>Por seguridad, es necesario que cambies la contrase\u00f1a para poder continuar<\/p>      <p style=\"font-size: 0.9em; margin-bottom: 10px;\">La contrase\u00f1a debe tener entre 6 y 15 caracteres<\/p>      <div class=\"ide-form-group\">        <input type=\"password\" name=\"pwd_nuevo1\" id=\"ide_inp_pwd1\" placeholder=\" \">        <label for=\"ide_inp_pwd1\">Contrase\u00f1a<\/label>        <span class=\"ide-password-toggle ide-letra-20 dashicons dashicons-visibility\"><\/span>      <\/div>      <div class=\"ide-form-group\">        <input type=\"password\" name=\"pwd_nuevo2\" id=\"ide_inp_pwd2\" placeholder=\" \">        <label for=\"ide_inp_pwd2\">Repite la contrase\u00f1a<\/label>        <span class=\"ide-password-toggle ide-letra-20 dashicons dashicons-visibility\"><\/span>      <\/div>    <\/div>    <button type=\"submit\" class=\"ide-btn fusion-button button-flat fusion-button-default-size button-default fusion-button-default fusion-button-default-span fusion-button-default-type\" data-hover=\"bg_slide_left\"><span class=\"fusion-button-text awb-button__text awb-button__text--default\">Login<\/span> <span class=\"ide-spinner\"><\/span><\/button>    <div id=\"ide-ajax-login-msg\" style=\"margin-top:10px;\"><\/div>    <p style=\"text-align: left; margin-top: 10px;\" class=\"ide-letra-14\"><a href=\"#\" id=\"ide-forgot-pass-link\">Restablecer contrase\u00f1a<\/a><\/p>    <p style=\"text-align: left; margin-top: 5px;\" class=\"ide-letra-14\">Si ya te has registrado y no has recibido el correo de validaci\u00f3n, vuelve a solicitarlo <a href=\"#\" id=\"ide-resend-validation-link\">aqu\u00ed<\/a><\/p>  <\/form>  <form id=\"ide-ajax-resend-validation-form\" class=\"ide-ajax-form\" data-action=\"ide_custom_resend_validation\" style=\"display:none;\">    <h5>Solicitud de correo de verificaci\u00f3n<\/h5>    <p>A continuaci\u00f3n introduce la direcci\u00f3n de correo con la que te registraste:<\/p>    <div class=\"ide-form-group\">      <input type=\"email\" name=\"email\" id=\"ide_inp_val_email\" placeholder=\" \" required>      <label for=\"ide_inp_val_email\">Correo electr\u00f3nico<\/label>    <\/div>    <button type=\"submit\" class=\"ide-btn fusion-button button-flat fusion-button-default-size button-default fusion-button-default fusion-button-default-span fusion-button-default-type\" data-hover=\"bg_slide_left\"><span class=\"fusion-button-text awb-button__text awb-button__text--default\">Enviar<\/span> <span class=\"ide-spinner\"><\/span><\/button>    <div id=\"ide-ajax-validation-msg\" style=\"margin-top:10px;\"><\/div>    <p style=\"text-align: left; margin-top: 10px;\" class=\"ide-letra-14\"><a href=\"#\" class=\"ide-back-login-link\">Volver<\/a><\/p>  <\/form>  <form id=\"ide-ajax-forgot-pass-form\" class=\"ide-ajax-form\" data-action=\"ide_custom_forgot_pass\" style=\"display:none;\">    <h5>Restablecer contrase\u00f1a<\/h5>    <p>Introduce la direcci\u00f3n de correo electr\u00f3nico con la que te registraste y te enviaremos las instrucciones para restablecer la contrase\u00f1a<\/p>    <div class=\"ide-form-group\">      <input type=\"email\" name=\"email\" id=\"ide_inp_forgot_email\" placeholder=\" \" required>      <label for=\"ide_inp_forgot_email\">Correo electr\u00f3nico<\/label>    <\/div>    <button type=\"submit\" class=\"ide-btn fusion-button button-flat fusion-button-default-size button-default fusion-button-default fusion-button-default-span fusion-button-default-type\" data-hover=\"bg_slide_left\"><span class=\"fusion-button-text awb-button__text awb-button__text--default\">Enviar<\/span> <span class=\"ide-spinner\"><\/span><\/button>    <div id=\"ide-ajax-forgot-msg\" style=\"margin-top:10px;\"><\/div>    <p style=\"text-align: left; margin-top: 10px;\" class=\"ide-letra-14\"><a href=\"#\" class=\"ide-back-login-link\">Volver<\/a><\/p>  <\/form>  <p style=\"text-align: left; margin-top: 20px;\" class=\"ide-letra-14\">Si todav\u00eda no est\u00e1s registrado, puedes hacerlo  <a href=\"https:\/\/ide.zonadetest.es\/es\/reg-form\/\">aqu\u00ed<\/a><\/p><\/div>\n<\/div><\/div><\/div><\/div><\/div><div class=\"fusion-fullwidth fullwidth-box fusion-builder-row-3 fusion-flex-container has-pattern-background has-mask-background fusion-parallax-none nonhundred-percent-fullwidth non-hundred-percent-height-scrolling\" style=\"--awb-background-position:left center;--awb-border-radius-top-left:0px;--awb-border-radius-top-right:0px;--awb-border-radius-bottom-right:0px;--awb-border-radius-bottom-left:0px;--awb-padding-top:30px;--awb-padding-bottom:30px;--awb-margin-top:30px;--awb-min-height:160px;--awb-background-color:var(--awb-custom_color_1);--awb-background-image:url(&quot;https:\/\/ide.zonadetest.es\/wp-content\/uploads\/2025\/09\/ide-diagonal-left-white-bg-scaled.png&quot;);--awb-background-size:850px;--awb-flex-wrap:wrap;\" ><div class=\"fusion-builder-row fusion-row fusion-flex-align-items-center fusion-flex-content-wrap\" style=\"max-width:1185.6px;margin-left: calc(-4% \/ 2 );margin-right: calc(-4% \/ 2 );\"><div class=\"fusion-layout-column fusion_builder_column fusion-builder-column-2 fusion_builder_column_1_1 1_1 fusion-flex-column\" style=\"--awb-bg-size:cover;--awb-width-large:100%;--awb-spacing-right-large:1.92%;--awb-margin-bottom-large:0px;--awb-spacing-left-large:1.92%;--awb-width-medium:100%;--awb-order-medium:0;--awb-spacing-right-medium:1.92%;--awb-spacing-left-medium:1.92%;--awb-width-small:100%;--awb-order-small:0;--awb-spacing-right-small:1.92%;--awb-spacing-left-small:1.92%;\" data-scroll-devices=\"small-visibility,medium-visibility,large-visibility\"><div class=\"fusion-column-wrapper fusion-column-has-shadow fusion-flex-justify-content-space-between fusion-content-layout-row fusion-flex-align-items-center\"><div class=\"fusion-title title fusion-title-2 fusion-sep-none fusion-title-text fusion-title-size-four\" style=\"--awb-margin-top-small:10px;--awb-margin-right-small:0px;--awb-margin-bottom-small:10px;--awb-margin-left-small:0px;--awb-font-size:32px;\"><h4 class=\"fusion-title-heading title-heading-left fusion-responsive-typography-calculated\" style=\"font-family:&quot;Plus Jakarta Sans&quot;;font-style:normal;font-weight:300;margin:0;font-size:1em;--fontSize:32;line-height:1.4;\"><p><span style=\"font-weight: 800;\">Don\u2019t hesitate<\/span><br \/>\nWe\u2019ll help you with whatever you need.<\/p><\/h4><\/div><div ><a class=\"fusion-button button-flat fusion-button-default-size button-default fusion-button-default button-1 fusion-button-default-span fusion-button-default-type\" target=\"_self\" data-hover=\"bg_slide_left\" href=\"https:\/\/ide.zonadetest.es\/contact\/\"><span class=\"fusion-button-text awb-button__text awb-button__text--default\">Contact<\/span><\/a><\/div><\/div><\/div><\/div><\/div>\n<\/p>\n","protected":false},"excerpt":{"rendered":"","protected":false},"author":2,"featured_media":0,"parent":0,"menu_order":0,"comment_status":"closed","ping_status":"closed","template":"100-width.php","meta":{"_acf_changed":false,"footnotes":""},"class_list":["post-1859","page","type-page","status-publish","hentry"],"acf":[],"_links":{"self":[{"href":"https:\/\/ide.zonadetest.es\/es\/wp-json\/wp\/v2\/pages\/1859","targetHints":{"allow":["GET"]}}],"collection":[{"href":"https:\/\/ide.zonadetest.es\/es\/wp-json\/wp\/v2\/pages"}],"about":[{"href":"https:\/\/ide.zonadetest.es\/es\/wp-json\/wp\/v2\/types\/page"}],"author":[{"embeddable":true,"href":"https:\/\/ide.zonadetest.es\/es\/wp-json\/wp\/v2\/users\/2"}],"replies":[{"embeddable":true,"href":"https:\/\/ide.zonadetest.es\/es\/wp-json\/wp\/v2\/comments?post=1859"}],"version-history":[{"count":5,"href":"https:\/\/ide.zonadetest.es\/es\/wp-json\/wp\/v2\/pages\/1859\/revisions"}],"predecessor-version":[{"id":2522,"href":"https:\/\/ide.zonadetest.es\/es\/wp-json\/wp\/v2\/pages\/1859\/revisions\/2522"}],"wp:attachment":[{"href":"https:\/\/ide.zonadetest.es\/es\/wp-json\/wp\/v2\/media?parent=1859"}],"curies":[{"name":"wp","href":"https:\/\/api.w.org\/{rel}","templated":true}]}}